{"id":58,"date":"2025-01-29T17:10:35","date_gmt":"2025-01-29T17:10:35","guid":{"rendered":"https:\/\/eschholzstrassenfest.de\/?page_id=58"},"modified":"2025-06-03T10:20:08","modified_gmt":"2025-06-03T10:20:08","slug":"fragen-antworten","status":"publish","type":"page","link":"https:\/\/eschholzstrassenfest.de\/?page_id=58","title":{"rendered":"Fragen &amp; Antworten"},"content":{"rendered":"\n<p><strong>Wie konkret ist die Planungsvorbereitung?<\/strong><br><br>Das Vorhaben, am Samstag, 12. Juli das Eschholzstra\u00dfenfest durchzuf\u00fchren, nimmt Formen an. Der Initiativkreis um Joshua Lorenz vom St\u00fchlinger Magazin und dem Wirt Christian Fehr vom \u201eDas Quartier\u201c sind mitten in den Vorbereitungen. Die Antr\u00e4ge f\u00fcr die Sperrung der Stra\u00dfe und die gesamte Durchf\u00fchrung des Festes sind gestellt. Es ist davon auszugehen, dass das Fest auf der Eschholzstra\u00dfe so durchgef\u00fchrt werden kann, wie es beabsichtigt ist. Die gastronomischen Betriebe an der Eschholzstra\u00dfe machen fast alle mit, und es gesellen sich auch noch weitere Gesch\u00e4fte aus dem St\u00fchlinger hinzu.<\/p>\n\n\n\n<p><strong>Wie kann man sich engagieren? K\u00f6nnen wir ein eigenes Programm beisteuern?<\/strong><\/p>\n\n\n\n<p>Die Organisatoren freuen sich, wenn viele Vereine und sonstige gemeinn\u00fctzige Organisationen die M\u00f6glichkeiten nutzen, sich mit einem Stand vorzustellen. Auch die Schulen im St\u00fchlinger sowie die Kirchengemeinden sind eingeladen, zum Gelingen des Festes beizutragen. Interessenten f\u00fcr Beitr\u00e4ge auf den B\u00fchnen oder auf der Stra\u00dfe k\u00f6nnen sich unter der E-Mail-Adresse eschholzstrassenfest@gmail.com melden. Gleiches gilt auch f\u00fcr den Flohmarkt und sonstige Angebote.<\/p>\n\n\n\n<p><strong>Gibt es schon einen Ablaufplan?<\/strong><\/p>\n\n\n\n<p>Die Stra\u00dfe wird fr\u00fch morgens gesperrt, damit die B\u00fchnen aufgebaut werden k\u00f6nnen. Im Bereich zwischen Wannerstra\u00dfe und Engelbergerstra\u00dfe wird vormittags der St\u00fchlinger Bauernmarkt seine St\u00e4nde aufbauen und dort bis zum Mittag seine Waren anbieten. Danach wird es dort St\u00e4nde f\u00fcr Angebote von Vereinen, f\u00fcr Kinder und Jugendliche oder Flohmarktst\u00e4nde geben. Die offizielle Er\u00f6ffnung des Festes durch den Schirmherrn Oberb\u00fcrgermeister Martin Horn ist f\u00fcr 11 Uhr auf der B\u00fchne an der Wannerstra\u00dfe geplant. Im Stra\u00dfenbereich zwischen Wanner- und Lehenerstra\u00dfe wird es ab diesem Zeitpunkt Darbietungen auf den beiden B\u00fchnen Wannerstra\u00dfe und Egonstra\u00dfe geben und es werden sowohl gastronomische St\u00e4nde aufgebaut als auch Pr\u00e4sentationen der Vereine und der gemeinn\u00fctzigen Organisationen. Gleichzeitig k\u00f6nnen auch Flohmarktst\u00e4nde sowie andere Angebote aufgebaut werden. Das Fest wird um 23 Uhr enden. Die B\u00fchnen werden abgebaut und die Stra\u00dfe wird in den fr\u00fchen Morgenstunden wieder befahrbar sein. Die Anwohnerinnen und Anwohner, die ihr Auto im Abschnitt zwischen Engelberger- und Lehnerstra\u00dfe parken, werden gebeten ihr Auto an einem anderen Ort abzustellen \u2013 man ist mit der Stadtverwaltung im Gespr\u00e4ch, dass f\u00fcr das Parken der Parkplatz des technischen Rathauses benutzt werden darf. Das Festprogramm wird auf Hochtouren erarbeitet und wir hoffen, dass es wieder ein buntes Treiben auf der Eschholzstrasse geben wird. Ein besonderes Highlight k\u00f6nnte ein musikalischer Flashmob werden. Anregungen f\u00fcr das Fest nimmt die Festinitiative unter der angegebenen E-Mail-Adresse gerne entgegen<\/p>\n\n\n\n<p><strong>Was kostet die Teilnahme am Flohmarkt und wo melde ich mich an?<\/strong><\/p>\n\n\n\n<p>Die Anmeldung kostet 7,- Euro. Pro laufender Meter kostet der Standplatz 9,- Euro. Es wird ein Pfand in H\u00f6he von 20,- Euro erhoben, das bei ordentlichem Verlassen des Platzes zur\u00fcckbezahlt wird.<br>Die Anmeldung bitte auf die E-Mail-Adresse: <a href=\"mailto:flo.eschholzstrasse@gmail.com\">flo.eschholzstrasse@gmail.com<\/a><\/p>\n","protected":false},"excerpt":{"rendered":"<p>Wie konkret ist die Planungsvorbereitung? Das Vorhaben, am Samstag, 12. Juli das Eschholzstra\u00dfenfest durchzuf\u00fchren, nimmt Formen an. Der Initiativkreis um Joshua Lorenz vom St\u00fchlinger Magazin und dem Wirt Christian Fehr vom \u201eDas Quartier\u201c sind mitten in den Vorbereitungen. Die Antr\u00e4ge f\u00fcr die Sperrung der Stra\u00dfe und die gesamte Durchf\u00fchrung des Festes sind gestellt. Es ist &#8230; <a title=\"Fragen &amp; Antworten\" class=\"read-more\" href=\"https:\/\/eschholzstrassenfest.de\/?page_id=58\" aria-label=\"Mehr Informationen \u00fcber Fragen &amp; Antworten\">Weiterlesen<\/a><\/p>\n","protected":false},"author":1,"featured_media":0,"parent":0,"menu_order":0,"comment_status":"closed","ping_status":"closed","template":"","meta":{"footnotes":""},"class_list":["post-58","page","type-page","status-publish"],"_links":{"self":[{"href":"https:\/\/eschholzstrassenfest.de\/index.php?rest_route=\/wp\/v2\/pages\/58","targetHints":{"allow":["GET"]}}],"collection":[{"href":"https:\/\/eschholzstrassenfest.de\/index.php?rest_route=\/wp\/v2\/pages"}],"about":[{"href":"https:\/\/eschholzstrassenfest.de\/index.php?rest_route=\/wp\/v2\/types\/page"}],"author":[{"embeddable":true,"href":"https:\/\/eschholzstrassenfest.de\/index.php?rest_route=\/wp\/v2\/users\/1"}],"replies":[{"embeddable":true,"href":"https:\/\/eschholzstrassenfest.de\/index.php?rest_route=%2Fwp%2Fv2%2Fcomments&post=58"}],"version-history":[{"count":3,"href":"https:\/\/eschholzstrassenfest.de\/index.php?rest_route=\/wp\/v2\/pages\/58\/revisions"}],"predecessor-version":[{"id":96,"href":"https:\/\/eschholzstrassenfest.de\/index.php?rest_route=\/wp\/v2\/pages\/58\/revisions\/96"}],"wp:attachment":[{"href":"https:\/\/eschholzstrassenfest.de\/index.php?rest_route=%2Fwp%2Fv2%2Fmedia&parent=58"}],"curies":[{"name":"wp","href":"https:\/\/api.w.org\/{rel}","templated":true}]}}