{"id":27,"date":"2025-01-29T16:44:11","date_gmt":"2025-01-29T16:44:11","guid":{"rendered":"https:\/\/eschholzstrassenfest.de\/?page_id=27"},"modified":"2025-07-04T21:26:08","modified_gmt":"2025-07-04T21:26:08","slug":"sponsoren","status":"publish","type":"page","link":"https:\/\/eschholzstrassenfest.de\/?page_id=27","title":{"rendered":"Sponsoren"},"content":{"rendered":"\n<figure class=\"wp-block-image size-large\"><img loading=\"lazy\" decoding=\"async\" width=\"1024\" height=\"720\" src=\"https:\/\/eschholzstrassenfest.de\/wp-content\/uploads\/2025\/07\/grafik-1024x720.png\" alt=\"\" class=\"wp-image-108\" srcset=\"https:\/\/eschholzstrassenfest.de\/wp-content\/uploads\/2025\/07\/grafik-1024x720.png 1024w, https:\/\/eschholzstrassenfest.de\/wp-content\/uploads\/2025\/07\/grafik-300x211.png 300w, https:\/\/eschholzstrassenfest.de\/wp-content\/uploads\/2025\/07\/grafik-768x540.png 768w, https:\/\/eschholzstrassenfest.de\/wp-content\/uploads\/2025\/07\/grafik.png 1118w\" sizes=\"auto, (max-width: 1024px) 100vw, 1024px\" \/><\/figure>\n\n\n\n<p>Wir freuen uns \u00fcber jede Firma, jedes Finanzinstitut und Vereine, die unser Fest finanziell unterst\u00fctzen m\u00f6chten.<\/p>\n\n\n\n<p>Melden Sie sich gerne per eMail eschholzstrassenfest@gmail.com bei uns.<\/p>\n\n\n\n<p><\/p>\n","protected":false},"excerpt":{"rendered":"<p>Wir freuen uns \u00fcber jede Firma, jedes Finanzinstitut und Vereine, die unser Fest finanziell unterst\u00fctzen m\u00f6chten. Melden Sie sich gerne per eMail eschholzstrassenfest@gmail.com bei uns.<\/p>\n","protected":false},"author":1,"featured_media":0,"parent":0,"menu_order":0,"comment_status":"closed","ping_status":"closed","template":"","meta":{"footnotes":""},"class_list":["post-27","page","type-page","status-publish"],"_links":{"self":[{"href":"https:\/\/eschholzstrassenfest.de\/index.php?rest_route=\/wp\/v2\/pages\/27","targetHints":{"allow":["GET"]}}],"collection":[{"href":"https:\/\/eschholzstrassenfest.de\/index.php?rest_route=\/wp\/v2\/pages"}],"about":[{"href":"https:\/\/eschholzstrassenfest.de\/index.php?rest_route=\/wp\/v2\/types\/page"}],"author":[{"embeddable":true,"href":"https:\/\/eschholzstrassenfest.de\/index.php?rest_route=\/wp\/v2\/users\/1"}],"replies":[{"embeddable":true,"href":"https:\/\/eschholzstrassenfest.de\/index.php?rest_route=%2Fwp%2Fv2%2Fcomments&post=27"}],"version-history":[{"count":4,"href":"https:\/\/eschholzstrassenfest.de\/index.php?rest_route=\/wp\/v2\/pages\/27\/revisions"}],"predecessor-version":[{"id":109,"href":"https:\/\/eschholzstrassenfest.de\/index.php?rest_route=\/wp\/v2\/pages\/27\/revisions\/109"}],"wp:attachment":[{"href":"https:\/\/eschholzstrassenfest.de\/index.php?rest_route=%2Fwp%2Fv2%2Fmedia&parent=27"}],"curies":[{"name":"wp","href":"https:\/\/api.w.org\/{rel}","templated":true}]}}